{"id":626,"date":"2016-10-03T19:12:12","date_gmt":"2016-10-03T22:12:12","guid":{"rendered":"http:\/\/khudecki.pl\/logancee\/woocommerce\/1\/?page_id=626"},"modified":"2017-08-30T17:25:42","modified_gmt":"2017-08-30T20:25:42","slug":"nosotros","status":"publish","type":"page","link":"http:\/\/industrias-lider.com.bo\/app\/nosotros\/","title":{"rendered":"Nosotros"},"content":{"rendered":"<p>[vc_row][vc_column css_animation=&#8221;none&#8221;][vc_column_text css=&#8221;.vc_custom_1501188015506{background-color: #11411f !important;}&#8221;]<\/p>\n<h2 style=\"text-align: center; color: #ffffff;\">Historia<\/h2>\n<p>[\/vc_column_text][vc_empty_space][vc_row_inner][vc_column_inner width=&#8221;1\/2&#8243; css=&#8221;.vc_custom_1497051309975{background-position: 0 0 !important;background-repeat: no-repeat !important;}&#8221;][vc_column_text css_animation=&#8221;bounceInLeft&#8221;]Comenzamos nuestra historia 25 a\u00f1os atr\u00e1s, iniciando nuestra empresa produciendo Gelatina Ruby&#8217;s, el cual nos permiti\u00f3 ingresar al mercado nacional, desarrollando una deliciosa mezcla de sabores que dio lugar a refrescos Ruby&#8217;s en polvo. Este inicio fue el camino para continuar desarrollando variedades de productos, entre ellos: Chicles Bloops, Dulce Tr\u00f3pico, Chicle Sprim, Gelatinas Ruygel, Gelly Light, Cocoa milko, Chocomilko,\u00a0 T\u00e9 Camba, y nuestro producto de alta gama y calidad \u201cTe Paris Gold\u201d<\/p>\n<p>La constante innovaci\u00f3n y adecuaci\u00f3n nos han permitido acompa\u00f1ar a nuestro pa\u00eds en su crecimiento, T\u00e9 Paris nuestra marca m\u00e1s reconocida, es nuestra cara de presentaci\u00f3n para el mundo.<\/p>\n<p>Hemos\u00a0 posicionado cada uno de nuestros productos con dedicaci\u00f3n y esmero creando miles de empleos indirectos y cientos directos bajo la premisa \u201cHECHO EN BOLIVIA\u201d creemos en nuestra gente y continuaremos aportando al desarrollo de nuestro pa\u00eds.<\/p>\n<p>Implementamos tecnolog\u00eda de punta, formando profesionales y desarrollando productos de calidad bajo la premisa \u201cCONSTRUIR PA\u00cdS\u201d. Reforzaremos nuestras lineas de confiter\u00eda con innovadores productos en el corto plazo.[\/vc_column_text][\/vc_column_inner][vc_column_inner width=&#8221;1\/2&#8243; offset=&#8221;vc_hidden-md vc_hidden-sm vc_hidden-xs&#8221;][vc_empty_space][vc_empty_space][vc_empty_space][vc_empty_space][vc_single_image image=&#8221;1913&#8243; img_size=&#8221;large&#8221; css_animation=&#8221;bounceInRight&#8221;][\/vc_column_inner][\/vc_row_inner][\/vc_column][\/vc_row][vc_section][vc_row][vc_column][vc_empty_space][\/vc_column][\/vc_row][vc_row][vc_column][vc_empty_space][\/vc_column][\/vc_row][vc_row][vc_column css_animation=&#8221;fadeInUp&#8221; width=&#8221;1\/2&#8243;][vc_column_text css=&#8221;.vc_custom_1501187383495{background-color: #11411f !important;}&#8221;]<\/p>\n<h2 style=\"text-align: center; color: #ffffff;\">Misi\u00f3n<\/h2>\n<p>[\/vc_column_text][vc_empty_space][vc_column_text]Todos nuestros esfuerzos est\u00e1n orientados en proveer consistentemente a nuestros clientes y consumidores productos alimenticios que nos hagan sentir tan orgullosos de ser bolivianos, brindar confianza para llevarlos a sus hogares, todo dentro del marco de responsabilidad y calidad. Conformando un equipo humano con s\u00f3lidos principios \u00e9ticos, comprometidos no solo con la empresa m\u00e1s con nuestro pa\u00eds y orientados al servicio de los consumidores. Aportando al desarrollo de la industria nacional, Mostraremos al mundo que estamos orgullosos de ser una empresa 100% boliviana.[\/vc_column_text][\/vc_column][vc_column css_animation=&#8221;fadeInUp&#8221; width=&#8221;1\/2&#8243;][vc_column_text css=&#8221;.vc_custom_1501187434440{background-color: #11411f !important;}&#8221;]<\/p>\n<h2 style=\"text-align: center; color: #ffffff;\">Visi\u00f3n<\/h2>\n<p>[\/vc_column_text][vc_empty_space][vc_column_text]Ser la industria \u201cLIDER\u201d en innovaci\u00f3n, referente para el \u00a0desarrollo de la industria nacional. Generando marcas y productos a trav\u00e9s de las ultimas tecnolog\u00edas de producci\u00f3n, obteniendo reconocimiento prestigio y confiabilidad. Abarcar nuevos mercados fuera de las fronteras de nuestro pa\u00eds.[\/vc_column_text][\/vc_column][\/vc_row][\/vc_section]<\/p>\n","protected":false},"excerpt":{"rendered":"<p>[vc_row][vc_column css_animation=&#8221;none&#8221;][vc_column_text css=&#8221;.vc_custom_1501188015506{background-color: #11411f !important;}&#8221;] Historia [\/vc_column_text][vc_empty_space][vc_row_inner][vc_column_inner width=&#8221;1\/2&#8243; css=&#8221;.vc_custom_1497051309975{background-position: 0 0 !important;background-repeat: no-repeat !important;}&#8221;][vc_column_text css_animation=&#8221;bounceInLeft&#8221;]Comenzamos nuestra historia 25 a\u00f1os atr\u00e1s, iniciando nuestra empresa produciendo Gelatina Ruby&#8217;s, el cual nos permiti\u00f3 ingresar al mercado nacional, desarrollando una deliciosa mezcla de sabores que dio lugar a refrescos Ruby&#8217;s en polvo. Este inicio fue el camino para continuar [&hellip;]<\/p>\n","protected":false},"author":1,"featured_media":0,"parent":0,"menu_order":0,"comment_status":"closed","ping_status":"closed","template":"","meta":{"footnotes":""},"class_list":["post-626","page","type-page","status-publish","hentry"],"_links":{"self":[{"href":"http:\/\/industrias-lider.com.bo\/app\/wp-json\/wp\/v2\/pages\/626","targetHints":{"allow":["GET"]}}],"collection":[{"href":"http:\/\/industrias-lider.com.bo\/app\/wp-json\/wp\/v2\/pages"}],"about":[{"href":"http:\/\/industrias-lider.com.bo\/app\/wp-json\/wp\/v2\/types\/page"}],"author":[{"embeddable":true,"href":"http:\/\/industrias-lider.com.bo\/app\/wp-json\/wp\/v2\/users\/1"}],"replies":[{"embeddable":true,"href":"http:\/\/industrias-lider.com.bo\/app\/wp-json\/wp\/v2\/comments?post=626"}],"version-history":[{"count":56,"href":"http:\/\/industrias-lider.com.bo\/app\/wp-json\/wp\/v2\/pages\/626\/revisions"}],"predecessor-version":[{"id":2242,"href":"http:\/\/industrias-lider.com.bo\/app\/wp-json\/wp\/v2\/pages\/626\/revisions\/2242"}],"wp:attachment":[{"href":"http:\/\/industrias-lider.com.bo\/app\/wp-json\/wp\/v2\/media?parent=626"}],"curies":[{"name":"wp","href":"https:\/\/api.w.org\/{rel}","templated":true}]}}