{"id":2068,"date":"2017-06-15T12:34:26","date_gmt":"2017-06-15T15:34:26","guid":{"rendered":"http:\/\/industrias-lider.com.bo\/app\/?post_type=product&#038;p=2068"},"modified":"2017-08-30T18:42:08","modified_gmt":"2017-08-30T21:42:08","slug":"te-paris-gold","status":"publish","type":"product","link":"http:\/\/industrias-lider.com.bo\/app\/productos\/te-paris-gold\/","title":{"rendered":"TE PARIS GOLD"},"content":{"rendered":"","protected":false},"excerpt":{"rendered":"<p>T\u00e9 Par\u00eds Gold un producto 100% natural de una fina selecci\u00f3n y mezcla de t\u00e9s de muy buena calidad de Sudam\u00e9rica.<\/p>\n<p>T\u00e9 Paris Gold, contiene un exquisito aroma natural de color vivo y delicioso sabor.<\/p>\n<p>SABORES:<\/p>\n<p><strong>TE PARIS GOLD CON CANELA<\/strong>, <strong>TE PARIS GOLD CON CANELA Y CLAVO<\/strong><\/p>\n<p><strong>Beneficios <\/strong><\/p>\n<ul>\n<li><strong>Astringente:<\/strong> al tener una buena concentraci\u00f3n de taninos, que son los que le otorgan un sabor amargo, es ideal su consumo para combatir la diarrea o la gastritis<\/li>\n<li><strong>Diur\u00e9tico:<\/strong> El importante efecto diur\u00e9tico del t\u00e9 ya que contribuye a la eliminaci\u00f3n del exceso de l\u00edquidos retenidos con sustancias de deshecho del organismo lo que depura y limpia nuestro organismo ayud\u00e1ndonos en reg\u00edmenes de adelgazamiento no por la p\u00e9rdida de peso en s\u00ed, sino por dejar de sentirnos \u201chinchados\u201d.<\/li>\n<li><strong>Reconfortante y bajo en calor\u00edas<\/strong>: es muy bajo en calor\u00edas y aporta una gran sensaci\u00f3n de saciedad.<\/li>\n<li><strong>Estimulante<\/strong>: el t\u00e9 posee sustancias activas que animan a despertar tanto como cuerpo como la mente, lo que lo hace ideal para el desayuno o para despu\u00e9s de las comidas.<\/li>\n<\/ul>\n<p>Presentaci\u00f3n: Sobres laminados<\/p>\n<p>Caja de 20 y 100 unidades.<\/p>\n","protected":false},"featured_media":2316,"comment_status":"open","ping_status":"closed","template":"","meta":[],"class_list":{"0":"post-2068","1":"product","2":"type-product","3":"status-publish","4":"has-post-thumbnail","6":"product_cat-linea-infusion","7":"product_cat-te-paris-gold","9":"first","10":"instock","11":"shipping-taxable","12":"product-type-simple"},"_links":{"self":[{"href":"http:\/\/industrias-lider.com.bo\/app\/wp-json\/wp\/v2\/product\/2068","targetHints":{"allow":["GET"]}}],"collection":[{"href":"http:\/\/industrias-lider.com.bo\/app\/wp-json\/wp\/v2\/product"}],"about":[{"href":"http:\/\/industrias-lider.com.bo\/app\/wp-json\/wp\/v2\/types\/product"}],"replies":[{"embeddable":true,"href":"http:\/\/industrias-lider.com.bo\/app\/wp-json\/wp\/v2\/comments?post=2068"}],"wp:featuredmedia":[{"embeddable":true,"href":"http:\/\/industrias-lider.com.bo\/app\/wp-json\/wp\/v2\/media\/2316"}],"wp:attachment":[{"href":"http:\/\/industrias-lider.com.bo\/app\/wp-json\/wp\/v2\/media?parent=2068"}],"curies":[{"name":"wp","href":"https:\/\/api.w.org\/{rel}","templated":true}]}}