{"id":2116,"date":"2017-06-16T10:54:22","date_gmt":"2017-06-16T13:54:22","guid":{"rendered":"http:\/\/industrias-lider.com.bo\/app\/?post_type=product&#038;p=2116"},"modified":"2017-07-27T14:06:42","modified_gmt":"2017-07-27T17:06:42","slug":"mates-paris","status":"publish","type":"product","link":"http:\/\/industrias-lider.com.bo\/app\/productos\/mates-paris\/","title":{"rendered":"MATES PARIS"},"content":{"rendered":"","protected":false},"excerpt":{"rendered":"<p>Mates Paris producto 100% natural de una fina selecci\u00f3n de hojas y flores y semillas<\/p>\n<p><strong>Beneficios:<\/strong><\/p>\n<p>Anis: para las <strong>Afecciones bronquiales y tos<\/strong><\/p>\n<p>Coca: Refuerza la flora intestinal, Al ser muy rica en calcio ayuda en la prevenci\u00f3n de la osteoporosis, Aumenta la resistencia f\u00edsica, Es digestiva y diur\u00e9tica, combate el mal de altura.<\/p>\n<p>Manzanilla: <strong>Problemas digestivos,<\/strong> <strong>Tensi\u00f3n nerviosa,<\/strong> <strong>propiedades antibacterianas y antiinflamatorias<\/strong>, <strong>propiedades sedantes<\/strong><\/p>\n<p>Tres mates: es un concentrado de los tres en una sola bolsita (Coca , Manzanilla y anis) que hace eficaz cualquier malestar.<\/p>\n<p><strong>Presentaci\u00f3n:<\/strong> Sobres laminados<\/p>\n<p>Caja de 20 y 100 unidades<\/p>\n<p>Sabores: An\u00eds, Coca, Manzanilla, tres-mates y Surtido<\/p>\n","protected":false},"featured_media":2244,"comment_status":"open","ping_status":"closed","template":"","meta":[],"class_list":{"0":"post-2116","1":"product","2":"type-product","3":"status-publish","4":"has-post-thumbnail","6":"product_cat-linea-infusion","7":"product_cat-mates-paris","9":"first","10":"instock","11":"shipping-taxable","12":"product-type-simple"},"_links":{"self":[{"href":"http:\/\/industrias-lider.com.bo\/app\/wp-json\/wp\/v2\/product\/2116","targetHints":{"allow":["GET"]}}],"collection":[{"href":"http:\/\/industrias-lider.com.bo\/app\/wp-json\/wp\/v2\/product"}],"about":[{"href":"http:\/\/industrias-lider.com.bo\/app\/wp-json\/wp\/v2\/types\/product"}],"replies":[{"embeddable":true,"href":"http:\/\/industrias-lider.com.bo\/app\/wp-json\/wp\/v2\/comments?post=2116"}],"wp:featuredmedia":[{"embeddable":true,"href":"http:\/\/industrias-lider.com.bo\/app\/wp-json\/wp\/v2\/media\/2244"}],"wp:attachment":[{"href":"http:\/\/industrias-lider.com.bo\/app\/wp-json\/wp\/v2\/media?parent=2116"}],"curies":[{"name":"wp","href":"https:\/\/api.w.org\/{rel}","templated":true}]}}