{"id":2127,"date":"2017-06-16T10:58:13","date_gmt":"2017-06-16T13:58:13","guid":{"rendered":"http:\/\/industrias-lider.com.bo\/app\/?post_type=product&#038;p=2127"},"modified":"2017-08-09T13:18:06","modified_gmt":"2017-08-09T16:18:06","slug":"gelatina-gelly-light","status":"publish","type":"product","link":"http:\/\/industrias-lider.com.bo\/app\/productos\/gelatina-gelly-light\/","title":{"rendered":"GELATINA GELLY LIGHT"},"content":{"rendered":"","protected":false},"excerpt":{"rendered":"<p>Deliciosos postre bajo en calor\u00edas, sano con un alto valor nutritivo y bajo en calor\u00edas.<\/p>\n<p>Gelatinas Gelly Light, presenta un exquisito aroma, color vivo y delicioso sabor.<\/p>\n<p>4 sabores<\/p>\n<ul>\n<li>Naranja<\/li>\n<li>Lim\u00f3n<\/li>\n<li>Pi\u00f1a<\/li>\n<li>Frutilla<\/li>\n<\/ul>\n<p><strong>Beneficios:<\/strong><\/p>\n<p>Bajo en calor\u00eda. Alimento ideal para cuidar la l\u00ednea.<\/p>\n<ul>\n<li>Al tener un alto porcentaje de agua, resulta muy apropiada para una correcta hidrataci\u00f3n, y para generar una sensaci\u00f3n de saciedad.<\/li>\n<\/ul>\n<p>Contribuye al fortalecimiento de huesos y articulaciones.<\/p>\n<ul>\n<li>Gracias a su contenido de col\u00e1geno, la gelatina mejora el aspecto de la piel, de las u\u00f1as y del cabello. El col\u00e1geno va disminuyendo con el paso de los a\u00f1os, producto de lo cual la piel va perdiendo su elasticidad y tono.<\/li>\n<\/ul>\n<p><strong>Presentaci\u00f3n:<\/strong><\/p>\n<p>bolsa de 100 g.<\/p>\n","protected":false},"featured_media":2277,"comment_status":"closed","ping_status":"closed","template":"","meta":[],"class_list":{"0":"post-2127","1":"product","2":"type-product","3":"status-publish","4":"has-post-thumbnail","6":"product_cat-gelatina-gelly-light","7":"product_cat-linea-postres","9":"first","10":"instock","11":"shipping-taxable","12":"product-type-simple"},"_links":{"self":[{"href":"http:\/\/industrias-lider.com.bo\/app\/wp-json\/wp\/v2\/product\/2127","targetHints":{"allow":["GET"]}}],"collection":[{"href":"http:\/\/industrias-lider.com.bo\/app\/wp-json\/wp\/v2\/product"}],"about":[{"href":"http:\/\/industrias-lider.com.bo\/app\/wp-json\/wp\/v2\/types\/product"}],"replies":[{"embeddable":true,"href":"http:\/\/industrias-lider.com.bo\/app\/wp-json\/wp\/v2\/comments?post=2127"}],"wp:featuredmedia":[{"embeddable":true,"href":"http:\/\/industrias-lider.com.bo\/app\/wp-json\/wp\/v2\/media\/2277"}],"wp:attachment":[{"href":"http:\/\/industrias-lider.com.bo\/app\/wp-json\/wp\/v2\/media?parent=2127"}],"curies":[{"name":"wp","href":"https:\/\/api.w.org\/{rel}","templated":true}]}}