{"id":99,"date":"2013-06-07T06:38:12","date_gmt":"2013-06-07T09:38:12","guid":{"rendered":"http:\/\/demo2.woothemes.com\/woocommerce\/?post_type=product&#038;p=99"},"modified":"2017-08-09T13:38:24","modified_gmt":"2017-08-09T16:38:24","slug":"woo-single-2","status":"publish","type":"product","link":"http:\/\/industrias-lider.com.bo\/app\/productos\/woo-single-2\/","title":{"rendered":"TE PARIS GOLD CANELA  DE 100 UD."},"content":{"rendered":"<p>T\u00e9 Par\u00eds Gold un producto 100% natural de una fina selecci\u00f3n y mezcla de t\u00e9s de muy buena calidad de Sudam\u00e9rica.<\/p>\n<p>T\u00e9 Paris Gold, contiene un exquisito aroma natural de color vivo y delicioso sabor.<\/p>\n","protected":false},"excerpt":{"rendered":"<p>T\u00e9 Par\u00eds Gold un producto 100% natural de una fina selecci\u00f3n y mezcla de t\u00e9s de muy buena calidad de Sudam\u00e9rica.<\/p>\n<p>T\u00e9 Paris Gold, contiene un exquisito aroma natural de color vivo y delicioso sabor.<\/p>\n","protected":false},"featured_media":2279,"comment_status":"closed","ping_status":"closed","template":"","meta":[],"class_list":{"0":"post-99","1":"product","2":"type-product","3":"status-publish","4":"has-post-thumbnail","6":"product_cat-destacados","7":"product_cat-te-paris-gold","8":"product_tag-gold","9":"product_tag-paris","10":"product_tag-te","12":"first","13":"instock","14":"shipping-taxable","15":"purchasable","16":"product-type-simple"},"_links":{"self":[{"href":"http:\/\/industrias-lider.com.bo\/app\/wp-json\/wp\/v2\/product\/99","targetHints":{"allow":["GET"]}}],"collection":[{"href":"http:\/\/industrias-lider.com.bo\/app\/wp-json\/wp\/v2\/product"}],"about":[{"href":"http:\/\/industrias-lider.com.bo\/app\/wp-json\/wp\/v2\/types\/product"}],"replies":[{"embeddable":true,"href":"http:\/\/industrias-lider.com.bo\/app\/wp-json\/wp\/v2\/comments?post=99"}],"wp:featuredmedia":[{"embeddable":true,"href":"http:\/\/industrias-lider.com.bo\/app\/wp-json\/wp\/v2\/media\/2279"}],"wp:attachment":[{"href":"http:\/\/industrias-lider.com.bo\/app\/wp-json\/wp\/v2\/media?parent=99"}],"curies":[{"name":"wp","href":"https:\/\/api.w.org\/{rel}","templated":true}]}}